{"id":69,"date":"2021-04-22T01:28:35","date_gmt":"2021-04-21T23:28:35","guid":{"rendered":"https:\/\/vongrundherr.com\/?page_id=69"},"modified":"2024-01-19T15:05:22","modified_gmt":"2024-01-19T14:05:22","slug":"impressum","status":"publish","type":"page","link":"https:\/\/vongrundherr.com\/de\/impressum\/","title":{"rendered":"Impressum"},"content":{"rendered":"<p>[et_pb_section fb_built=&#8220;1&#8243; disabled_on=&#8220;off|off|off&#8220; _builder_version=&#8220;4.16&#8243; _module_preset=&#8220;default&#8220; custom_padding=&#8220;4px||55px|||&#8220; global_colors_info=&#8220;{}&#8220;][et_pb_row _builder_version=&#8220;4.16&#8243; _module_preset=&#8220;default&#8220; custom_padding=&#8220;||20px||false|false&#8220; global_colors_info=&#8220;{}&#8220;][et_pb_column type=&#8220;4_4&#8243; _builder_version=&#8220;4.16&#8243; _module_preset=&#8220;default&#8220; global_colors_info=&#8220;{}&#8220;][et_pb_image src=&#8220;https:\/\/vongrundherr.com\/wp-content\/uploads\/2021\/04\/LOGO_250x250.png&#8220; title_text=&#8220;LOGO_250x250&#8243; url=&#8220;http:\/\/vongrundherr.com&#8220; align=&#8220;center&#8220; _builder_version=&#8220;4.16&#8243; _module_preset=&#8220;default&#8220; max_height=&#8220;175px&#8220; global_colors_info=&#8220;{}&#8220;][\/et_pb_image][\/et_pb_column][\/et_pb_row][et_pb_row custom_padding_last_edited=&#8220;on|phone&#8220; _builder_version=&#8220;4.16&#8243; _module_preset=&#8220;default&#8220; width=&#8220;65%&#8220; width_tablet=&#8220;90%&#8220; width_phone=&#8220;100%&#8220; width_last_edited=&#8220;on|phone&#8220; custom_padding=&#8220;30px||33px||false|false&#8220; custom_padding_tablet=&#8220;|3%||4%|false|false&#8220; custom_padding_phone=&#8220;|10%||11%|false|false&#8220; border_color_all=&#8220;#f7f7f7&#8243; global_colors_info=&#8220;{}&#8220;][et_pb_column type=&#8220;4_4&#8243; _builder_version=&#8220;4.16&#8243; _module_preset=&#8220;default&#8220; global_colors_info=&#8220;{}&#8220;][et_pb_text content_tablet=&#8220;<\/p>\n<div id=%22element-3%22 class=%22page-element widget-container page-element-type-headline widget-headline %22>\n<div class=%22contents%22>\n<p style=%22text-align: justify;%22><span style=%22font-size: xx-large; color: #000000;%22><b>Impressum<\/b><\/span><\/p>\n<p style=%22text-align: justify;%22><span style=%22color: #000000;%22><b style=%22font-size: 14px;%22>Angaben gem\u00e4\u00df \u00a7 5 TMG:<br \/><\/b><span style=%22font-size: 14px;%22><span style=%22color: #000000; font-family: Arial; font-weight: normal;%22>von Grundherr<\/span> Consulting GmbH i. Gr.<\/span><\/span><\/p>\n<\/div>\n<\/div>\n<div id=%22element-5%22 class=%22page-element widget-container page-element-type-text widget-text %22 style=%22text-align: justify;%22>\n<div class=%22contents%22>\n<p><span style=%22color: #000000;%22>Krackhardtstra\u00dfe 6c<\/span><br \/><span style=%22color: #000000;%22>96049 Bamberg<\/span><\/p>\n<p><span style=%22color: #000000;%22><b>Vertreten durch:<br \/><\/b><b><\/b>Matthias von Grundherr<span style=%22font-size: 14px;%22><br \/><\/span><\/span><span style=%22font-size: 14px;%22> <\/span><\/p>\n<\/div>\n<\/div>\n<div id=%22element-7%22 class=%22page-element widget-container page-element-type-text widget-text %22 style=%22text-align: justify;%22>\n<div class=%22contents%22>\n<p><span style=%22color: #000000;%22><b style=%22font-size: 14px;%22>Kontakt:<\/b><\/span><\/p>\n<\/div>\n<\/div>\n<div id=%22element-8%22 class=%22page-element widget-container page-element-type-headline widget-headline %22 style=%22text-align: justify;%22>\n<div class=%22contents%22>\n<p><span style=%22color: #000000;%22>Telefon: +49 17662331762<\/span><\/p>\n<\/div>\n<\/div>\n<div id=%22element-9%22 class=%22page-element widget-container page-element-type-text widget-text %22 style=%22text-align: justify;%22>\n<div class=%22contents%22>\n<p><span style=%22color: #000000;%22>E-Mail: <a style=%22color: #000000;%22 href=%22mailto:matthias@agenturvongrundherr.de%22>matthias@agenturvongrundherr.de<\/a><\/span><\/p>\n<p><span style=%22color: #000000;%22><b style=%22font-size: 14px;%22>Umsatzsteuer-ID:<\/b><\/span><\/p>\n<\/div>\n<\/div>\n<div id=%22element-13%22 class=%22page-element widget-container page-element-type-text widget-text %22 style=%22text-align: justify;%22>\n<div class=%22contents%22>\n<p><span style=%22color: #000000;%22>Umsatzsteuer-Identifikationsnummer gem\u00e4\u00df \u00a727 a Umsatzsteuergesetz:<\/span><br \/><span style=%22color: #000000;%22>DE324002561<\/span><\/p>\n<p><span style=%22color: #000000;%22><b style=%22font-size: 14px;%22>Hinweis auf EU-Streitschlichtung:<\/b><\/span><\/p>\n<\/div>\n<\/div>\n<div id=%22element-15%22 class=%22page-element widget-container page-element-type-text widget-text %22 style=%22text-align: justify;%22>\n<div class=%22contents%22>\n<p><span style=%22color: #000000;%22>Die Europ\u00e4ische Kommission stellt eine Plattform zur Online-Streitbeilegung (OS) bereit: <a id=%22link-56eal6owjyh%22 class=%22url-link%22 style=%22color: #000000;%22 href=%22http:\/\/ec.europa.eu\/consumers\/odr%22 data-et-target-link=%22_blank%22 rel=%22noopener null%22 type=%22url%22><u>http:\/\/ec.europa.eu\/consumers\/odr<\/u><\/a><\/span><br \/><span style=%22color: #000000;%22>Unsere E-Mail-Adresse finden sie oben im Impressum.<\/span><\/p>\n<\/p>\n<p><span style=%22color: #000000;%22><b style=%22font-size: x-large;%22>Haftungsausschluss (Disclaimer)<\/b><b style=%22font-size: 14px;%22><\/b><\/span><\/p>\n<p><span style=%22color: #000000;%22><b style=%22font-size: 14px;%22><\/b><b style=%22font-size: 14px;%22>Haftung f\u00fcr Inhalte<\/b><\/span><\/p>\n<\/div>\n<\/div>\n<div id=%22element-18%22 class=%22page-element widget-container page-element-type-text widget-text %22 style=%22text-align: justify;%22>\n<div class=%22contents%22>\n<p><span style=%22color: #000000;%22>Als Diensteanbieter sind wir gem\u00e4\u00df \u00a7 7 Abs.1 TMG f\u00fcr eigene Inhalte auf diesen Seiten nach den allgemeinen Gesetzen verantwortlich. Nach \u00a7\u00a7 8 bis 10 TMG sind wir als Diensteanbieter jedoch nicht verpflichtet, \u00fcbermittelte oder gespeicherte fremde Informationen zu \u00fcberwachen oder nach Umst\u00e4nden zu forschen, die auf eine rechtswidrige T\u00e4tigkeit hinweisen. Verpflichtungen zur Entfernung oder Sperrung der Nutzung von Informationen nach den allgemeinen Gesetzen bleiben hiervon unber\u00fchrt. Eine diesbez\u00fcgliche Haftung ist jedoch erst ab dem Zeitpunkt der Kenntnis einer konkreten Rechtsverletzung m\u00f6glich. Bei Bekanntwerden von entsprechenden Rechtsverletzungen werden wir diese Inhalte umgehend entfernen.<\/span><\/p>\n<p><span style=%22color: #000000;%22><b style=%22font-size: 14px;%22>Haftung f\u00fcr Links<\/b><\/span><\/p>\n<\/div>\n<\/div>\n<div id=%22element-20%22 class=%22page-element widget-container page-element-type-text widget-text %22 style=%22text-align: justify;%22>\n<div class=%22contents%22>\n<p><span style=%22color: #000000;%22>Unser Angebot enth\u00e4lt Links zu externen Webseiten Dritter, auf deren Inhalte wir keinen Einfluss haben. Deshalb k\u00f6nnen wir f\u00fcr diese fremden Inhalte auch keine Gew\u00e4hr \u00fcbernehmen. F\u00fcr die Inhalte der verlinkten Seiten ist stets der jeweilige Anbieter oder Betreiber der Seiten verantwortlich. Die verlinkten Seiten wurden zum Zeitpunkt der Verlinkung auf m\u00f6gliche Rechtsverst\u00f6\u00dfe \u00fcberpr\u00fcft. Rechtswidrige Inhalte waren zum Zeitpunkt der Verlinkung nicht erkennbar. Eine permanente inhaltliche Kontrolle der verlinkten Seiten ist jedoch ohne konkrete Anhaltspunkte einer Rechtsverletzung nicht zumutbar. Bei Bekanntwerden von Rechtsverletzungen werden wir derartige Links umgehend entfernen.<\/span><\/p>\n<p><span style=%22color: #000000;%22><b style=%22font-size: 14px;%22>Urheberrecht<\/b><\/span><\/p>\n<\/div>\n<\/div>\n<div id=%22element-22%22 class=%22page-element widget-container page-element-type-text widget-text %22>\n<div class=%22contents%22>\n<p style=%22text-align: justify;%22><span style=%22color: #000000;%22>Die durch die Seitenbetreiber erstellten Inhalte und Werke auf diesen Seiten unterliegen dem deutschen Urheberrecht. Die Vervielf\u00e4ltigung, Bearbeitung, Verbreitung und jede Art der Verwertung au\u00dferhalb der Grenzen des Urheberrechtes bed\u00fcrfen der schriftlichen Zustimmung des jeweiligen Autors bzw. Erstellers. Downloads und Kopien dieser Seite sind nur f\u00fcr den privaten, nicht kommerziellen Gebrauch gestattet. Soweit die Inhalte auf dieser Seite nicht vom Betreiber erstellt wurden, werden die Urheberrechte Dritter beachtet. Insbesondere werden Inhalte Dritter als solche gekennzeichnet. Sollten Sie trotzdem auf eine Urheberrechtsverletzung aufmerksam werden, bitten wir um einen entsprechenden Hinweis. Bei Bekanntwerden von Rechtsverletzungen werden wir derartige Inhalte umgehend entfernen.<\/span><\/p>\n<p style=%22text-align: left;%22><span style=%22color: #000000;%22><strong style=%22font-size: x-large;%22>Plattform\u00fcbergreifender Geltungsbereich<\/strong><\/span><\/p>\n<p><span style=%22color: #000000;%22>Dieses Impressum gilt auch f\u00fcr die YouTube-, Instagram-, Facebook-, Twitter-, LinkedIn-, Telegram- &#038; Podcastpr\u00e4senz.<\/span><\/p>\n<p style=%22text-align: justify;%22>\n<\/div>\n<\/div>\n<p>&#8220; content_phone=&#8220;<\/p>\n<div id=%22element-3%22 class=%22page-element widget-container page-element-type-headline widget-headline %22>\n<div class=%22contents%22>\n<p style=%22text-align: justify;%22><span style=%22font-size: x-large; color: #000000;%22><b>Impressum<\/b><\/span><\/p>\n<p style=%22text-align: justify;%22><span style=%22color: #000000;%22><b style=%22font-size: 14px;%22>Angaben gem\u00e4\u00df \u00a7 5 TMG:<br \/><\/b><span style=%22font-size: 14px;%22><span style=%22color: #000000; font-family: Arial; font-weight: normal;%22>von Grundherr<\/span> Consulting GmbH i. Gr.<\/span><\/span><\/p>\n<\/div>\n<\/div>\n<div id=%22element-5%22 class=%22page-element widget-container page-element-type-text widget-text %22 style=%22text-align: justify;%22>\n<div class=%22contents%22>\n<p><span style=%22color: #000000;%22>Krackhardtstra\u00dfe 6c<\/span><br \/><span style=%22color: #000000;%22>96049 Bamberg<\/span><\/p>\n<p><span style=%22color: #000000;%22><b>Vertreten durch:<br \/><\/b><b><\/b>Matthias von Grundherr<span style=%22font-size: 14px;%22><br \/><\/span><\/span><span style=%22font-size: 14px;%22> <\/span><\/p>\n<\/div>\n<\/div>\n<div id=%22element-7%22 class=%22page-element widget-container page-element-type-text widget-text %22 style=%22text-align: justify;%22>\n<div class=%22contents%22>\n<p><span style=%22color: #000000;%22><b style=%22font-size: 14px;%22>Kontakt:<\/b><\/span><\/p>\n<\/div>\n<\/div>\n<div id=%22element-8%22 class=%22page-element widget-container page-element-type-headline widget-headline %22 style=%22text-align: justify;%22>\n<div class=%22contents%22>\n<p><span style=%22color: #000000;%22>Telefon: +49 17662331762<\/span><\/p>\n<\/div>\n<\/div>\n<div id=%22element-9%22 class=%22page-element widget-container page-element-type-text widget-text %22 style=%22text-align: justify;%22>\n<div class=%22contents%22>\n<p><span style=%22color: #000000;%22>E-Mail: <a style=%22color: #000000;%22 href=%22mailto:matthias@agenturvongrundherr.de%22>matthias@agenturvongrundherr.de<\/a><\/span><\/p>\n<p><span style=%22color: #000000;%22><b style=%22font-size: 14px;%22>Umsatzsteuer-ID:<\/b><\/span><\/p>\n<\/div>\n<\/div>\n<div id=%22element-13%22 class=%22page-element widget-container page-element-type-text widget-text %22 style=%22text-align: justify;%22>\n<div class=%22contents%22>\n<p><span style=%22color: #000000;%22>Umsatzsteuer-Identifikationsnummer gem\u00e4\u00df \u00a727 a Umsatzsteuergesetz:<\/span><br \/><span style=%22color: #000000;%22>DE324002561<\/span><\/p>\n<p><span style=%22color: #000000;%22><b style=%22font-size: 14px;%22>Hinweis auf EU-Streitschlichtung:<\/b><\/span><\/p>\n<\/div>\n<\/div>\n<div id=%22element-15%22 class=%22page-element widget-container page-element-type-text widget-text %22 style=%22text-align: justify;%22>\n<div class=%22contents%22>\n<p><span style=%22color: #000000;%22>Die Europ\u00e4ische Kommission stellt eine Plattform zur Online-Streitbeilegung (OS) bereit: <a id=%22link-56eal6owjyh%22 class=%22url-link%22 style=%22color: #000000;%22 href=%22http:\/\/ec.europa.eu\/consumers\/odr%22 data-et-target-link=%22_blank%22 rel=%22noopener null%22 type=%22url%22><u>http:\/\/ec.europa.eu\/consumers\/odr<\/u><\/a><\/span><br \/><span style=%22color: #000000;%22>Unsere E-Mail-Adresse finden sie oben im Impressum.<\/span><\/p>\n<\/p>\n<p><span style=%22color: #000000;%22><b style=%22font-size: x-large;%22>Haftungsausschluss (Disclaimer)<\/b><b style=%22font-size: 14px;%22><\/b><\/span><\/p>\n<p><span style=%22color: #000000;%22><b style=%22font-size: 14px;%22><\/b><b style=%22font-size: 14px;%22>Haftung f\u00fcr Inhalte<\/b><\/span><\/p>\n<\/div>\n<\/div>\n<div id=%22element-18%22 class=%22page-element widget-container page-element-type-text widget-text %22 style=%22text-align: justify;%22>\n<div class=%22contents%22>\n<p><span style=%22color: #000000;%22>Als Diensteanbieter sind wir gem\u00e4\u00df \u00a7 7 Abs.1 TMG f\u00fcr eigene Inhalte auf diesen Seiten nach den allgemeinen Gesetzen verantwortlich. Nach \u00a7\u00a7 8 bis 10 TMG sind wir als Diensteanbieter jedoch nicht verpflichtet, \u00fcbermittelte oder gespeicherte fremde Informationen zu \u00fcberwachen oder nach Umst\u00e4nden zu forschen, die auf eine rechtswidrige T\u00e4tigkeit hinweisen. Verpflichtungen zur Entfernung oder Sperrung der Nutzung von Informationen nach den allgemeinen Gesetzen bleiben hiervon unber\u00fchrt. Eine diesbez\u00fcgliche Haftung ist jedoch erst ab dem Zeitpunkt der Kenntnis einer konkreten Rechtsverletzung m\u00f6glich. Bei Bekanntwerden von entsprechenden Rechtsverletzungen werden wir diese Inhalte umgehend entfernen.<\/span><\/p>\n<p><span style=%22color: #000000;%22><b style=%22font-size: 14px;%22>Haftung f\u00fcr Links<\/b><\/span><\/p>\n<\/div>\n<\/div>\n<div id=%22element-20%22 class=%22page-element widget-container page-element-type-text widget-text %22 style=%22text-align: justify;%22>\n<div class=%22contents%22>\n<p><span style=%22color: #000000;%22>Unser Angebot enth\u00e4lt Links zu externen Webseiten Dritter, auf deren Inhalte wir keinen Einfluss haben. Deshalb k\u00f6nnen wir f\u00fcr diese fremden Inhalte auch keine Gew\u00e4hr \u00fcbernehmen. F\u00fcr die Inhalte der verlinkten Seiten ist stets der jeweilige Anbieter oder Betreiber der Seiten verantwortlich. Die verlinkten Seiten wurden zum Zeitpunkt der Verlinkung auf m\u00f6gliche Rechtsverst\u00f6\u00dfe \u00fcberpr\u00fcft. Rechtswidrige Inhalte waren zum Zeitpunkt der Verlinkung nicht erkennbar. Eine permanente inhaltliche Kontrolle der verlinkten Seiten ist jedoch ohne konkrete Anhaltspunkte einer Rechtsverletzung nicht zumutbar. Bei Bekanntwerden von Rechtsverletzungen werden wir derartige Links umgehend entfernen.<\/span><\/p>\n<p><span style=%22color: #000000;%22><b style=%22font-size: 14px;%22>Urheberrecht<\/b><\/span><\/p>\n<\/div>\n<\/div>\n<div id=%22element-22%22 class=%22page-element widget-container page-element-type-text widget-text %22>\n<div class=%22contents%22>\n<p style=%22text-align: justify;%22><span style=%22color: #000000;%22>Die durch die Seitenbetreiber erstellten Inhalte und Werke auf diesen Seiten unterliegen dem deutschen Urheberrecht. Die Vervielf\u00e4ltigung, Bearbeitung, Verbreitung und jede Art der Verwertung au\u00dferhalb der Grenzen des Urheberrechtes bed\u00fcrfen der schriftlichen Zustimmung des jeweiligen Autors bzw. Erstellers. Downloads und Kopien dieser Seite sind nur f\u00fcr den privaten, nicht kommerziellen Gebrauch gestattet. Soweit die Inhalte auf dieser Seite nicht vom Betreiber erstellt wurden, werden die Urheberrechte Dritter beachtet. Insbesondere werden Inhalte Dritter als solche gekennzeichnet. Sollten Sie trotzdem auf eine Urheberrechtsverletzung aufmerksam werden, bitten wir um einen entsprechenden Hinweis. Bei Bekanntwerden von Rechtsverletzungen werden wir derartige Inhalte umgehend entfernen.<\/span><\/p>\n<p style=%22text-align: left;%22><span style=%22color: #000000;%22><strong style=%22font-size: x-large;%22>Plattform\u00fcbergreifender Geltungsbereich<\/strong><\/span><\/p>\n<p><span style=%22color: #000000;%22>Dieses Impressum gilt auch f\u00fcr die YouTube-, Instagram-, Facebook-, Twitter-, LinkedIn-, Telegram- &#038; Podcastpr\u00e4senz.<\/span><\/p>\n<p style=%22text-align: justify;%22>\n<\/div>\n<\/div>\n<p>&#8220; content_last_edited=&#8220;off|phone&#8220; _builder_version=&#8220;4.18.1&#8243; _module_preset=&#8220;default&#8220; text_font=&#8220;Verdana||||||||&#8220; text_text_color=&#8220;#000000&#8243; header_font=&#8220;Verdana||||||||&#8220; custom_margin=&#8220;||-15px||false|false&#8220; custom_padding=&#8220;||||false|false&#8220; hover_enabled=&#8220;0&#8243; global_colors_info=&#8220;{}&#8220; sticky_enabled=&#8220;0&#8243;]<\/p>\n<h1 style=\"text-align: left;\"><span style=\"font-size: xxx-large; color: #000000;\"><b>Impressum<\/b><\/span><\/h1>\n<p>&nbsp;<\/p>\n<p>&nbsp;<\/p>\n<p style=\"text-align: left;\"><span style=\"color: #000000;\"><b style=\"font-size: 14px;\">Angaben gem\u00e4\u00df \u00a7 5 TMG:<br \/><\/b><\/span><span style=\"color: #000000;\">von Grundherr LLC<br \/>ST. PETERSBURG<br \/>FL. US 33702<\/span><\/p>\n<p style=\"text-align: left;\">\n<div id=\"element-5\" class=\"page-element widget-container page-element-type-text widget-text \" style=\"text-align: left;\">\n<div class=\"contents\">\n<p><span style=\"color: #000000;\"><b>Vertreten durch:<br \/><\/b><b><\/b>Matthias von Grundherr<span style=\"font-size: 14px;\"><br \/><\/span><\/span><span style=\"font-size: 14px;\">\u00a0<\/span><\/p>\n<\/div>\n<\/div>\n<div id=\"element-7\" class=\"page-element widget-container page-element-type-text widget-text \" style=\"text-align: left;\">\n<div class=\"contents\">\n<p><span style=\"color: #000000;\"><b style=\"font-size: 14px;\">Kontakt:<\/b><\/span><\/p>\n<\/div>\n<\/div>\n<div id=\"element-8\" class=\"page-element widget-container page-element-type-headline widget-headline \" style=\"text-align: left;\">\n<div class=\"contents\">\n<p><span style=\"color: #000000;\">Telefon: +49 1515 201 0 301<\/span><\/p>\n<\/div>\n<\/div>\n<div id=\"element-9\" class=\"page-element widget-container page-element-type-text widget-text \" style=\"text-align: left;\">\n<div class=\"contents\">\n<p><span style=\"color: #000000;\">E-Mail:\u00a0<a style=\"color: #000000;\" href=\"mailto:matthias@agenturvongrundherr.de\">matthias@vongrundherr.com<\/a><\/span><\/p>\n<\/div>\n<\/div>\n<div id=\"element-13\" class=\"page-element widget-container page-element-type-text widget-text \" style=\"text-align: left;\">\n<div class=\"contents\">\n<p><span style=\"color: #000000;\"><b style=\"font-size: 14px;\">Hinweis auf EU-Streitschlichtung:<\/b><\/span><\/p>\n<\/div>\n<\/div>\n<div id=\"element-15\" class=\"page-element widget-container page-element-type-text widget-text \" style=\"text-align: left;\">\n<div class=\"contents\">\n<p><span style=\"color: #000000;\">Die Europ\u00e4ische Kommission stellt eine Plattform zur Online-Streitbeilegung (OS) bereit:\u00a0<a id=\"link-56eal6owjyh\" class=\"url-link\" style=\"color: #000000;\" href=\"http:\/\/ec.europa.eu\/consumers\/odr\" target=\"_blank\" rel=\"noopener null\" type=\"url\"><u>http:\/\/ec.europa.eu\/consumers\/odr<\/u><\/a><\/span><br \/><span style=\"color: #000000;\">Unsere E-Mail-Adresse finden Sie oben im Impressum.<\/span><\/p>\n<p>&nbsp;<\/p>\n<p>&nbsp;<\/p>\n<p><span style=\"color: #000000;\"><b style=\"font-size: x-large;\">Haftungsausschluss (Disclaimer)<\/b><b style=\"font-size: 14px;\"><\/b><\/span><\/p>\n<p><span style=\"color: #000000;\"><b style=\"font-size: 14px;\"><\/b><b style=\"font-size: 14px;\">Haftung f\u00fcr Inhalte<\/b><\/span><\/p>\n<\/div>\n<\/div>\n<div id=\"element-18\" class=\"page-element widget-container page-element-type-text widget-text \" style=\"text-align: left;\">\n<div class=\"contents\">\n<p><span style=\"color: #000000;\">Als Diensteanbieter sind wir gem\u00e4\u00df \u00a7 7 Abs.1 TMG f\u00fcr eigene Inhalte auf diesen Seiten nach den allgemeinen Gesetzen verantwortlich. Nach \u00a7\u00a7 8 bis 10 TMG sind wir als Diensteanbieter jedoch nicht verpflichtet, \u00fcbermittelte oder gespeicherte fremde Informationen zu \u00fcberwachen oder nach Umst\u00e4nden zu forschen, die auf eine rechtswidrige T\u00e4tigkeit hinweisen. Verpflichtungen zur Entfernung oder Sperrung der Nutzung von Informationen nach den allgemeinen Gesetzen bleiben hiervon unber\u00fchrt. Eine diesbez\u00fcgliche Haftung ist jedoch erst ab dem Zeitpunkt der Kenntnis einer konkreten Rechtsverletzung m\u00f6glich. Bei Bekanntwerden von entsprechenden Rechtsverletzungen werden wir diese Inhalte umgehend entfernen.<\/span><\/p>\n<p><span style=\"color: #000000;\"><b style=\"font-size: 14px;\">Haftung f\u00fcr Links<\/b><\/span><\/p>\n<\/div>\n<\/div>\n<div id=\"element-20\" class=\"page-element widget-container page-element-type-text widget-text \" style=\"text-align: left;\">\n<div class=\"contents\">\n<p><span style=\"color: #000000;\">Unser Angebot enth\u00e4lt Links zu externen Webseiten Dritter, auf deren Inhalte wir keinen Einfluss haben. Deshalb k\u00f6nnen wir f\u00fcr diese fremden Inhalte auch keine Gew\u00e4hr \u00fcbernehmen. F\u00fcr die Inhalte der verlinkten Seiten ist stets der jeweilige Anbieter oder Betreiber der Seiten verantwortlich. Die verlinkten Seiten wurden zum Zeitpunkt der Verlinkung auf m\u00f6gliche Rechtsverst\u00f6\u00dfe \u00fcberpr\u00fcft. Rechtswidrige Inhalte waren zum Zeitpunkt der Verlinkung nicht erkennbar. Eine permanente inhaltliche Kontrolle der verlinkten Seiten ist jedoch ohne konkrete Anhaltspunkte einer Rechtsverletzung nicht zumutbar. Bei Bekanntwerden von Rechtsverletzungen werden wir derartige Links umgehend entfernen.<\/span><\/p>\n<p><span style=\"color: #000000;\"><b style=\"font-size: 14px;\">Urheberrecht<\/b><\/span><\/p>\n<\/div>\n<\/div>\n<div id=\"element-22\" class=\"page-element widget-container page-element-type-text widget-text \" style=\"text-align: left;\">\n<div class=\"contents\">\n<p style=\"text-align: left;\"><span style=\"color: #000000;\">Die durch die Seitenbetreiber erstellten Inhalte und Werke auf diesen Seiten unterliegen dem deutschen Urheberrecht. Die Vervielf\u00e4ltigung, Bearbeitung, Verbreitung und jede Art der Verwertung au\u00dferhalb der Grenzen des Urheberrechtes bed\u00fcrfen der schriftlichen Zustimmung des jeweiligen Autors bzw. Erstellers. Downloads und Kopien dieser Seite sind nur f\u00fcr den privaten, nicht kommerziellen Gebrauch gestattet. Soweit die Inhalte auf dieser Seite nicht vom Betreiber erstellt wurden, werden die Urheberrechte Dritter beachtet. Insbesondere werden Inhalte Dritter als solche gekennzeichnet. Sollten Sie trotzdem auf eine Urheberrechtsverletzung aufmerksam werden, bitten wir um einen entsprechenden Hinweis. Bei Bekanntwerden von Rechtsverletzungen werden wir derartige Inhalte umgehend entfernen.<\/span><\/p>\n<p>&nbsp;<\/p>\n<p style=\"text-align: left;\"><span style=\"color: #000000;\"><strong style=\"font-size: x-large;\">Plattform\u00fcbergreifender Geltungsbereich<\/strong><\/span><\/p>\n<p><span style=\"color: #000000;\">Dieses Impressum gilt auch f\u00fcr die YouTube-, Instagram-, Facebook-, und sonstige Social Media Pr\u00e4senzen.\u00a0<\/span><\/p>\n<p>Adobe Site-Id: 3221488<\/p>\n<\/div>\n<div class=\"contents\">\u00a0<\/div>\n<\/div>\n<p>[\/et_pb_text][\/et_pb_column][\/et_pb_row][\/et_pb_section]<\/p>\n","protected":false},"excerpt":{"rendered":"<p>Impressum &nbsp; &nbsp; Angaben gem\u00e4\u00df \u00a7 5 TMG:von Grundherr LLCST. PETERSBURGFL. US 33702 Vertreten durch:Matthias von Grundherr\u00a0 Kontakt: Telefon: +49 1515 201 0 301 E-Mail:\u00a0matthias@vongrundherr.com Hinweis auf EU-Streitschlichtung: Die Europ\u00e4ische Kommission stellt eine Plattform zur Online-Streitbeilegung (OS) bereit:\u00a0http:\/\/ec.europa.eu\/consumers\/odrUnsere E-Mail-Adresse finden Sie oben im Impressum. &nbsp; &nbsp; Haftungsausschluss (Disclaimer) Haftung f\u00fcr Inhalte Als Diensteanbieter sind wir [&hellip;]<\/p>\n","protected":false},"author":1,"featured_media":0,"parent":0,"menu_order":0,"comment_status":"closed","ping_status":"closed","template":"page-template-blank.php","meta":{"_et_pb_use_builder":"on","_et_pb_old_content":"","_et_gb_content_width":"","footnotes":""},"class_list":["post-69","page","type-page","status-publish","hentry"],"_links":{"self":[{"href":"https:\/\/vongrundherr.com\/de\/wp-json\/wp\/v2\/pages\/69","targetHints":{"allow":["GET"]}}],"collection":[{"href":"https:\/\/vongrundherr.com\/de\/wp-json\/wp\/v2\/pages"}],"about":[{"href":"https:\/\/vongrundherr.com\/de\/wp-json\/wp\/v2\/types\/page"}],"author":[{"embeddable":true,"href":"https:\/\/vongrundherr.com\/de\/wp-json\/wp\/v2\/users\/1"}],"replies":[{"embeddable":true,"href":"https:\/\/vongrundherr.com\/de\/wp-json\/wp\/v2\/comments?post=69"}],"version-history":[{"count":9,"href":"https:\/\/vongrundherr.com\/de\/wp-json\/wp\/v2\/pages\/69\/revisions"}],"predecessor-version":[{"id":5464,"href":"https:\/\/vongrundherr.com\/de\/wp-json\/wp\/v2\/pages\/69\/revisions\/5464"}],"wp:attachment":[{"href":"https:\/\/vongrundherr.com\/de\/wp-json\/wp\/v2\/media?parent=69"}],"curies":[{"name":"wp","href":"https:\/\/api.w.org\/{rel}","templated":true}]}}