{"id":4987,"date":"2021-09-19T17:45:41","date_gmt":"2021-09-19T15:45:41","guid":{"rendered":"https:\/\/vongrundherr.com\/analysis\/"},"modified":"2024-08-25T02:09:26","modified_gmt":"2024-08-25T00:09:26","slug":"analyse","status":"publish","type":"page","link":"https:\/\/vongrundherr.com\/de\/analyse\/","title":{"rendered":"Analyse"},"content":{"rendered":"\t\t<div data-elementor-type=\"wp-page\" data-elementor-id=\"4987\" class=\"elementor elementor-4987 elementor-4131\">\n\t\t\t\t\t\t<section class=\"elementor-section elementor-top-section elementor-element elementor-element-a8dbc05 elementor-section-boxed elementor-section-height-default elementor-section-height-default\" data-id=\"a8dbc05\" data-element_type=\"section\" data-settings=\"{&quot;background_background&quot;:&quot;classic&quot;}\">\n\t\t\t\t\t\t<div class=\"elementor-container elementor-column-gap-default\">\n\t\t\t\t\t<div class=\"elementor-column elementor-col-100 elementor-top-column elementor-element elementor-element-4390a35\" data-id=\"4390a35\" data-element_type=\"column\">\n\t\t\t<div class=\"elementor-widget-wrap elementor-element-populated\">\n\t\t\t\t\t\t<div class=\"elementor-element elementor-element-53e7214 elementor-widget elementor-widget-heading\" data-id=\"53e7214\" data-element_type=\"widget\" data-widget_type=\"heading.default\">\n\t\t\t\t<div class=\"elementor-widget-container\">\n\t\t\t<style>\/*! elementor - v3.23.0 - 05-08-2024 *\/\n.elementor-heading-title{padding:0;margin:0;line-height:1}.elementor-widget-heading .elementor-heading-title[class*=elementor-size-]>a{color:inherit;font-size:inherit;line-height:inherit}.elementor-widget-heading .elementor-heading-title.elementor-size-small{font-size:15px}.elementor-widget-heading .elementor-heading-title.elementor-size-medium{font-size:19px}.elementor-widget-heading .elementor-heading-title.elementor-size-large{font-size:29px}.elementor-widget-heading .elementor-heading-title.elementor-size-xl{font-size:39px}.elementor-widget-heading .elementor-heading-title.elementor-size-xxl{font-size:59px}<\/style><h2 class=\"elementor-heading-title elementor-size-default\">Add Your <\/h2>\t\t<\/div>\n\t\t\t\t<\/div>\n\t\t\t\t<div class=\"elementor-element elementor-element-3f22d89 elementor-widget elementor-widget-text-editor\" data-id=\"3f22d89\" data-element_type=\"widget\" data-widget_type=\"text-editor.default\">\n\t\t\t\t<div class=\"elementor-widget-container\">\n\t\t\t<style>\/*! elementor - v3.23.0 - 05-08-2024 *\/\n.elementor-widget-text-editor.elementor-drop-cap-view-stacked .elementor-drop-cap{background-color:#69727d;color:#fff}.elementor-widget-text-editor.elementor-drop-cap-view-framed .elementor-drop-cap{color:#69727d;border:3px solid;background-color:transparent}.elementor-widget-text-editor:not(.elementor-drop-cap-view-default) .elementor-drop-cap{margin-top:8px}.elementor-widget-text-editor:not(.elementor-drop-cap-view-default) .elementor-drop-cap-letter{width:1em;height:1em}.elementor-widget-text-editor .elementor-drop-cap{float:left;text-align:center;line-height:1;font-size:50px}.elementor-widget-text-editor .elementor-drop-cap-letter{display:inline-block}<\/style>\t\t\t\t<p>Ich habe mir ein paar Gedanken \u00fcber die Performance Deines Kanals gemacht und m\u00f6chte sie hier mit Dir teilen.\u00a0<\/p>\t\t\t\t\t\t<\/div>\n\t\t\t\t<\/div>\n\t\t\t\t\t<\/div>\n\t\t<\/div>\n\t\t\t\t\t<\/div>\n\t\t<\/section>\n\t\t\t\t<section class=\"elementor-section elementor-top-section elementor-element elementor-element-b9655b6 elementor-section-boxed elementor-section-height-default elementor-section-height-default\" data-id=\"b9655b6\" data-element_type=\"section\" data-settings=\"{&quot;background_background&quot;:&quot;classic&quot;,&quot;shape_divider_top&quot;:&quot;triangle&quot;,&quot;shape_divider_bottom&quot;:&quot;triangle&quot;}\">\n\t\t\t\t\t\t\t<div class=\"elementor-background-overlay\"><\/div>\n\t\t\t\t\t\t<div class=\"elementor-shape elementor-shape-top\" data-negative=\"false\">\n\t\t\t<svg xmlns=\"http:\/\/www.w3.org\/2000\/svg\" viewBox=\"0 0 1000 100\" preserveAspectRatio=\"none\">\n\t<path class=\"elementor-shape-fill\" d=\"M500,98.9L0,6.1V0h1000v6.1L500,98.9z\"\/>\n<\/svg>\t\t<\/div>\n\t\t\t\t<div class=\"elementor-shape elementor-shape-bottom\" data-negative=\"false\">\n\t\t\t<svg xmlns=\"http:\/\/www.w3.org\/2000\/svg\" viewBox=\"0 0 1000 100\" preserveAspectRatio=\"none\">\n\t<path class=\"elementor-shape-fill\" d=\"M500,98.9L0,6.1V0h1000v6.1L500,98.9z\"\/>\n<\/svg>\t\t<\/div>\n\t\t\t\t\t<div class=\"elementor-container elementor-column-gap-default\">\n\t\t\t\t\t<div class=\"elementor-column elementor-col-100 elementor-top-column elementor-element elementor-element-8d89af2\" data-id=\"8d89af2\" data-element_type=\"column\">\n\t\t\t<div class=\"elementor-widget-wrap elementor-element-populated\">\n\t\t\t\t\t\t<div class=\"elementor-element elementor-element-97407be elementor-widget elementor-widget-heading\" data-id=\"97407be\" data-element_type=\"widget\" data-widget_type=\"heading.default\">\n\t\t\t\t<div class=\"elementor-widget-container\">\n\t\t\t<h2 class=\"elementor-heading-title elementor-size-default\">Meine Kunden dominieren ihren Markt auf YouTube - und das ist kein Zufall. <br><br>M\u00f6chtest auch Du Deine Hebel f\u00fcr mehr Reichweite &amp; Umsatz kennen lernen?<\/h2>\t\t<\/div>\n\t\t\t\t<\/div>\n\t\t\t\t<section class=\"elementor-section elementor-inner-section elementor-element elementor-element-ad8a1a1 elementor-section-boxed elementor-section-height-default elementor-section-height-default\" data-id=\"ad8a1a1\" data-element_type=\"section\">\n\t\t\t\t\t\t<div class=\"elementor-container elementor-column-gap-default\">\n\t\t\t\t\t<div class=\"elementor-column elementor-col-33 elementor-inner-column elementor-element elementor-element-627cf00\" data-id=\"627cf00\" data-element_type=\"column\">\n\t\t\t<div class=\"elementor-widget-wrap elementor-element-populated\">\n\t\t\t\t\t\t<div class=\"elementor-element elementor-element-95fe76e elementor-position-top elementor-widget elementor-widget-image-box\" data-id=\"95fe76e\" data-element_type=\"widget\" data-widget_type=\"image-box.default\">\n\t\t\t\t<div class=\"elementor-widget-container\">\n\t\t\t<style>\/*! elementor - v3.23.0 - 05-08-2024 *\/\n.elementor-widget-image-box .elementor-image-box-content{width:100%}@media (min-width:768px){.elementor-widget-image-box.elementor-position-left .elementor-image-box-wrapper,.elementor-widget-image-box.elementor-position-right .elementor-image-box-wrapper{display:flex}.elementor-widget-image-box.elementor-position-right .elementor-image-box-wrapper{text-align:end;flex-direction:row-reverse}.elementor-widget-image-box.elementor-position-left .elementor-image-box-wrapper{text-align:start;flex-direction:row}.elementor-widget-image-box.elementor-position-top .elementor-image-box-img{margin:auto}.elementor-widget-image-box.elementor-vertical-align-top .elementor-image-box-wrapper{align-items:flex-start}.elementor-widget-image-box.elementor-vertical-align-middle .elementor-image-box-wrapper{align-items:center}.elementor-widget-image-box.elementor-vertical-align-bottom .elementor-image-box-wrapper{align-items:flex-end}}@media (max-width:767px){.elementor-widget-image-box .elementor-image-box-img{margin-left:auto!important;margin-right:auto!important;margin-bottom:15px}}.elementor-widget-image-box .elementor-image-box-img{display:inline-block}.elementor-widget-image-box .elementor-image-box-title a{color:inherit}.elementor-widget-image-box .elementor-image-box-wrapper{text-align:center}.elementor-widget-image-box .elementor-image-box-description{margin:0}<\/style><div class=\"elementor-image-box-wrapper\"><figure class=\"elementor-image-box-img\"><img decoding=\"async\" width=\"280\" height=\"150\" src=\"https:\/\/vongrundherr.com\/wp-content\/uploads\/2021\/09\/Bewerbung_1.png\" class=\"attachment-full size-full wp-image-4474\" alt=\"\" \/><\/figure><div class=\"elementor-image-box-content\"><p class=\"elementor-image-box-description\">1. Du bewirbst Dich f\u00fcr ein kostenloses Erstgespr\u00e4ch.<\/p><\/div><\/div>\t\t<\/div>\n\t\t\t\t<\/div>\n\t\t\t\t\t<\/div>\n\t\t<\/div>\n\t\t\t\t<div class=\"elementor-column elementor-col-33 elementor-inner-column elementor-element elementor-element-27ecbb8\" data-id=\"27ecbb8\" data-element_type=\"column\">\n\t\t\t<div class=\"elementor-widget-wrap elementor-element-populated\">\n\t\t\t\t\t\t<div class=\"elementor-element elementor-element-dc0f560 elementor-position-top elementor-widget elementor-widget-image-box\" data-id=\"dc0f560\" data-element_type=\"widget\" data-widget_type=\"image-box.default\">\n\t\t\t\t<div class=\"elementor-widget-container\">\n\t\t\t<div class=\"elementor-image-box-wrapper\"><figure class=\"elementor-image-box-img\"><img decoding=\"async\" width=\"280\" height=\"150\" src=\"https:\/\/vongrundherr.com\/wp-content\/uploads\/2021\/09\/Bewerbung_2.png\" class=\"attachment-full size-full wp-image-4505\" alt=\"\" \/><\/figure><div class=\"elementor-image-box-content\"><p class=\"elementor-image-box-description\">2. Unser Sekretariat nimmt telefonisch Deine Ist-Situation auf.<\/p><\/div><\/div>\t\t<\/div>\n\t\t\t\t<\/div>\n\t\t\t\t\t<\/div>\n\t\t<\/div>\n\t\t\t\t<div class=\"elementor-column elementor-col-33 elementor-inner-column elementor-element elementor-element-f7e591f\" data-id=\"f7e591f\" data-element_type=\"column\">\n\t\t\t<div class=\"elementor-widget-wrap elementor-element-populated\">\n\t\t\t\t\t\t<div class=\"elementor-element elementor-element-d1068ae elementor-position-top elementor-widget elementor-widget-image-box\" data-id=\"d1068ae\" data-element_type=\"widget\" data-widget_type=\"image-box.default\">\n\t\t\t\t<div class=\"elementor-widget-container\">\n\t\t\t<div class=\"elementor-image-box-wrapper\"><figure class=\"elementor-image-box-img\"><img decoding=\"async\" width=\"280\" height=\"150\" src=\"https:\/\/vongrundherr.com\/wp-content\/uploads\/2021\/09\/Bewerbung_3.png\" class=\"attachment-full size-full wp-image-4507\" alt=\"\" \/><\/figure><div class=\"elementor-image-box-content\"><p class=\"elementor-image-box-description\">3. Wir finden einen Termin f\u00fcr das kostenlose Beratungsgespr\u00e4ch.<\/p><\/div><\/div>\t\t<\/div>\n\t\t\t\t<\/div>\n\t\t\t\t\t<\/div>\n\t\t<\/div>\n\t\t\t\t\t<\/div>\n\t\t<\/section>\n\t\t\t\t<section class=\"elementor-section elementor-inner-section elementor-element elementor-element-720d3d8 elementor-section-boxed elementor-section-height-default elementor-section-height-default\" data-id=\"720d3d8\" data-element_type=\"section\">\n\t\t\t\t\t\t<div class=\"elementor-container elementor-column-gap-default\">\n\t\t\t\t\t<div class=\"elementor-column elementor-col-50 elementor-inner-column elementor-element elementor-element-f993aac\" data-id=\"f993aac\" data-element_type=\"column\">\n\t\t\t<div class=\"elementor-widget-wrap elementor-element-populated\">\n\t\t\t\t\t\t<div class=\"elementor-element elementor-element-580f232 elementor-align-center elementor-widget elementor-widget-button\" data-id=\"580f232\" data-element_type=\"widget\" data-widget_type=\"button.default\">\n\t\t\t\t<div class=\"elementor-widget-container\">\n\t\t\t\t\t<div class=\"elementor-button-wrapper\">\n\t\t\t<a class=\"elementor-button elementor-button-link elementor-size-xl elementor-animation-grow\" href=\"https:\/\/vongrundherr.com\/de\/termin\/\" target=\"_blank\">\n\t\t\t\t\t\t<span class=\"elementor-button-content-wrapper\">\n\t\t\t\t\t\t<span class=\"elementor-button-icon\">\n\t\t\t\t<i aria-hidden=\"true\" class=\"far fa-calendar-check\"><\/i>\t\t\t<\/span>\n\t\t\t\t\t\t\t\t\t<span class=\"elementor-button-text\">Jetzt Termin vereinbaren!<\/span>\n\t\t\t\t\t<\/span>\n\t\t\t\t\t<\/a>\n\t\t<\/div>\n\t\t\t\t<\/div>\n\t\t\t\t<\/div>\n\t\t\t\t\t<\/div>\n\t\t<\/div>\n\t\t\t\t<div class=\"elementor-column elementor-col-50 elementor-inner-column elementor-element elementor-element-a68c5c9\" data-id=\"a68c5c9\" data-element_type=\"column\">\n\t\t\t<div class=\"elementor-widget-wrap elementor-element-populated\">\n\t\t\t\t\t\t<div class=\"elementor-element elementor-element-31d5c9b elementor-align-center elementor-widget elementor-widget-button\" data-id=\"31d5c9b\" data-element_type=\"widget\" data-widget_type=\"button.default\">\n\t\t\t\t<div class=\"elementor-widget-container\">\n\t\t\t\t\t<div class=\"elementor-button-wrapper\">\n\t\t\t<a class=\"elementor-button elementor-button-link elementor-size-xl elementor-animation-grow\" href=\"https:\/\/api.whatsapp.com\/send\/?phone=64273220836\" target=\"_blank\">\n\t\t\t\t\t\t<span class=\"elementor-button-content-wrapper\">\n\t\t\t\t\t\t<span class=\"elementor-button-icon\">\n\t\t\t\t<i aria-hidden=\"true\" class=\"fab fa-whatsapp\"><\/i>\t\t\t<\/span>\n\t\t\t\t\t\t\t\t\t<span class=\"elementor-button-text\">Oder schreibe mir auf WhatsApp<\/span>\n\t\t\t\t\t<\/span>\n\t\t\t\t\t<\/a>\n\t\t<\/div>\n\t\t\t\t<\/div>\n\t\t\t\t<\/div>\n\t\t\t\t\t<\/div>\n\t\t<\/div>\n\t\t\t\t\t<\/div>\n\t\t<\/section>\n\t\t\t\t\t<\/div>\n\t\t<\/div>\n\t\t\t\t\t<\/div>\n\t\t<\/section>\n\t\t\t\t<\/div>\n\t\t","protected":false},"excerpt":{"rendered":"<p>Ich habe mir ein paar Gedanken \u00fcber die Performance Deines Kanals gemacht und m\u00f6chte sie hier mit Dir teilen.\u00a0 Meine Kunden dominieren ihren Markt auf YouTube &#8211; und das ist kein Zufall. M\u00f6chtest auch Du Deine Hebel f\u00fcr mehr Reichweite &amp; Umsatz kennen lernen? 1. Du bewirbst Dich f\u00fcr ein kostenloses Erstgespr\u00e4ch. 2. Unser Sekretariat [&hellip;]<\/p>\n","protected":false},"author":1,"featured_media":0,"parent":0,"menu_order":0,"comment_status":"closed","ping_status":"closed","template":"","meta":{"_et_pb_use_builder":"on","_et_pb_old_content":"<p>Ich habe mir ein paar Gedanken \u00fcber die Performance Deines Kanals gemacht und m\u00f6chte sie hier mit Dir teilen.\u00a0<\/p>\t\t\n\t\t\t<h2>Meine Kunden dominieren ihren Markt auf YouTube - und das ist kein Zufall. <br><br>M\u00f6chtest auch Du Deine Hebel f\u00fcr mehr Reichweite &amp; Umsatz kennen lernen?<\/h2>\t\t\n\t\t\t<figure><img width=\"280\" height=\"150\" src=\"https:\/\/vongrundherr.com\/wp-content\/uploads\/2021\/09\/Bewerbung_1.png\" alt=\"\" loading=\"lazy\" \/><\/figure><p>1. Du bewirbst Dich f\u00fcr ein kostenloses Erstgespr\u00e4ch.<\/p>\t\t\n\t\t\t<figure><img width=\"280\" height=\"150\" src=\"https:\/\/vongrundherr.com\/wp-content\/uploads\/2021\/09\/Bewerbung_2.png\" alt=\"\" loading=\"lazy\" \/><\/figure><p>2. Unser Sekretariat nimmt telefonisch Deine Ist-Situation auf.<\/p>\t\t\n\t\t\t<figure><img width=\"280\" height=\"150\" src=\"https:\/\/vongrundherr.com\/wp-content\/uploads\/2021\/09\/Bewerbung_3.png\" alt=\"\" loading=\"lazy\" \/><\/figure><p>3. Wir finden einen Termin f\u00fcr das kostenlose Beratungsgespr\u00e4ch.<\/p>\t\t\n\t\t\t<a href=\"https:\/\/vongrundherr.com\/de\/termin\/\" target=\"_blank\" role=\"button\" rel=\"noopener\">\n\t\t\t\t\t\tJetzt Termin vereinbaren!\n\t\t\t\t\t<\/a>\n\t\t\t<a href=\"https:\/\/api.whatsapp.com\/send\/?phone=64273220836\" target=\"_blank\" role=\"button\" rel=\"noopener\">\n\t\t\t\t\t\tOder schreibe mir auf WhatsApp\n\t\t\t\t\t<\/a>","_et_gb_content_width":"","footnotes":""},"class_list":["post-4987","page","type-page","status-publish","hentry"],"_links":{"self":[{"href":"https:\/\/vongrundherr.com\/de\/wp-json\/wp\/v2\/pages\/4987","targetHints":{"allow":["GET"]}}],"collection":[{"href":"https:\/\/vongrundherr.com\/de\/wp-json\/wp\/v2\/pages"}],"about":[{"href":"https:\/\/vongrundherr.com\/de\/wp-json\/wp\/v2\/types\/page"}],"author":[{"embeddable":true,"href":"https:\/\/vongrundherr.com\/de\/wp-json\/wp\/v2\/users\/1"}],"replies":[{"embeddable":true,"href":"https:\/\/vongrundherr.com\/de\/wp-json\/wp\/v2\/comments?post=4987"}],"version-history":[{"count":10,"href":"https:\/\/vongrundherr.com\/de\/wp-json\/wp\/v2\/pages\/4987\/revisions"}],"predecessor-version":[{"id":5537,"href":"https:\/\/vongrundherr.com\/de\/wp-json\/wp\/v2\/pages\/4987\/revisions\/5537"}],"wp:attachment":[{"href":"https:\/\/vongrundherr.com\/de\/wp-json\/wp\/v2\/media?parent=4987"}],"curies":[{"name":"wp","href":"https:\/\/api.w.org\/{rel}","templated":true}]}}